{"id":17705,"date":"2024-06-28T11:05:05","date_gmt":"2024-06-28T11:05:05","guid":{"rendered":"https:\/\/iberiapiscinas.com\/wp\/?post_type=product&#038;p=17705"},"modified":"2024-06-28T11:17:13","modified_gmt":"2024-06-28T11:17:13","slug":"mediterraneo-banheira-acrilica-170x75","status":"publish","type":"product","link":"https:\/\/iberiapiscinas.com\/wp\/produto\/mediterraneo-banheira-acrilica-170x75\/","title":{"rendered":"MEDITERR\u00c2NEO Banheira Acr\u00edlica 170&#215;75"},"content":{"rendered":"<p>MEDITERR\u00c2NEO Banheira Acr\u00edlica de 170&#215;75<\/p>\n<p>V\u00e1lvula de desague inclu\u00edda<\/p>\n<p>Torneira n\u00e3o inclu\u00edda<\/p>\n<p>&nbsp;<\/p>\n","protected":false},"excerpt":{"rendered":"<p>MEDITERR\u00c2NEO Banheira Acr\u00edlica de 170&#215;75 V\u00e1lvula de desague inclu\u00edda Torneira n\u00e3o inclu\u00edda &nbsp;<\/p>\n","protected":false},"featured_media":17706,"comment_status":"open","ping_status":"closed","template":"","meta":[],"product_brand":[],"product_cat":[432,434],"product_tag":[436,439,455],"class_list":{"0":"post-17705","1":"product","2":"type-product","3":"status-publish","4":"has-post-thumbnail","6":"product_cat-banheiras","7":"product_cat-banheiras-acrilicas","8":"product_tag-banheiras","9":"product_tag-banheiras-acrilicas","10":"product_tag-mediterraneo","11":"product_shipping_class-envio-gratis","13":"first","14":"instock","15":"shipping-taxable","16":"purchasable","17":"product-type-simple"},"_links":{"self":[{"href":"https:\/\/iberiapiscinas.com\/wp\/wp-json\/wp\/v2\/product\/17705","targetHints":{"allow":["GET"]}}],"collection":[{"href":"https:\/\/iberiapiscinas.com\/wp\/wp-json\/wp\/v2\/product"}],"about":[{"href":"https:\/\/iberiapiscinas.com\/wp\/wp-json\/wp\/v2\/types\/product"}],"replies":[{"embeddable":true,"href":"https:\/\/iberiapiscinas.com\/wp\/wp-json\/wp\/v2\/comments?post=17705"}],"wp:featuredmedia":[{"embeddable":true,"href":"https:\/\/iberiapiscinas.com\/wp\/wp-json\/wp\/v2\/media\/17706"}],"wp:attachment":[{"href":"https:\/\/iberiapiscinas.com\/wp\/wp-json\/wp\/v2\/media?parent=17705"}],"wp:term":[{"taxonomy":"product_brand","embeddable":true,"href":"https:\/\/iberiapiscinas.com\/wp\/wp-json\/wp\/v2\/product_brand?post=17705"},{"taxonomy":"product_cat","embeddable":true,"href":"https:\/\/iberiapiscinas.com\/wp\/wp-json\/wp\/v2\/product_cat?post=17705"},{"taxonomy":"product_tag","embeddable":true,"href":"https:\/\/iberiapiscinas.com\/wp\/wp-json\/wp\/v2\/product_tag?post=17705"}],"curies":[{"name":"wp","href":"https:\/\/api.w.org\/{rel}","templated":true}]}}