{"id":15615,"date":"2021-01-22T23:41:00","date_gmt":"2021-01-22T23:41:00","guid":{"rendered":"https:\/\/iberiapiscinas.com\/wp\/?post_type=product&#038;p=15615"},"modified":"2022-02-23T22:30:26","modified_gmt":"2022-02-23T22:30:26","slug":"piscina-gre-enterrada-madagascar-700x320x150-kpeov7059","status":"publish","type":"product","link":"https:\/\/iberiapiscinas.com\/wp\/produto\/piscina-gre-enterrada-madagascar-700x320x150-kpeov7059\/","title":{"rendered":"Piscina Gre Enterrada Madagascar 700x320x150 KPEOV7059"},"content":{"rendered":"<h2>Piscina Gre Enterrada Madagascar 700x320x150 cm referencia KPEOV7059, con altura de 150 cm, FILTRO DE ARENA y ESCALERA.<\/h2>\n<div id=\"collapseExtra0\" class=\"product-extra-block panel-collapse collapse show\" role=\"tabpanel\" aria-labelledby=\"headingExtra0\">\n<div class=\"panel-content\">\n<div class=\"extra-content typo\">\n<p><span class=\"colorpagina frase_inicial\">La piscina Gre ovalada de 700&#215;320 cm serie Madagascar es la propuesta de piscinas para enterrar en 150 cm de altura con depuradora de arena. Nos ofrece la m\u00e1xima calidad en todos sus componentes.<\/span><\/p>\n<p><span class=\"grande colorpagina\">Caracter\u00edsticas:<\/span><br \/>\n<b>Fabricante:<\/b> Piscinas Gre.<br \/>\n<b>Forma:<\/b> Ovalada.<br \/>\n<b>Medidas Comerciales:<\/b> 700 x 320 x 150 cm (largo x ancho x alto).<br \/>\n<b>Medidas Exteriores:<\/b> 702 x 322 x 152 cm (largo x ancho x alto).<br \/>\n<b>Medidas Interiores:<\/b> 700 x 320 x 150 cm (largo x ancho x alto).<br \/>\n<b>Espacio Necesario:<\/b> 900 x 520 x 165 cm (largo x ancho x altura).<br \/>\n<b>Volumen:<\/b> 27.470 litros.<br \/>\n<b>Altura L\u00ednea de Agua:<\/b> 135 cm.<br \/>\n<b>Garant\u00eda:<\/b> 4 a\u00f1os en la estructura met\u00e1lica y 2 a\u00f1os en el resto de componentes.<\/p>\n<p><span class=\"grande colorpagina\">Equipamiento:<\/span><br \/>\n<b>Pared:<\/b> Chapa laminada en fr\u00edo con tratamiento de galvanizaci\u00f3n, fosfataci\u00f3n e imprimaci\u00f3n con un grosor de 70\/100. Troquelada para skimmer, dos v\u00e1lvulas de retorno, una toma de limpiafondos y dos focos.<br \/>\n<b>Perfiles:<\/b> Cuenta con 28 perfiles horizontales de 4,5 cm de ancho (14 superiores y 14 inferiores).<br \/>\n<b>Acabado:<\/b> Chapa de acero galvanizado. Perfiles de PVC azul.<br \/>\n<b>Liner:<\/b> PVC de alta calidad en color azul 75\/100. Tratamiento anti-ultravioleta (retrasa el envejecimiento del PVC). El liner se fija en el lateral del perfil de PVC, este sistema permite sustituirlo f\u00e1cilmente.<br \/>\n<b>Depuradora:<\/b> Filtro de Arena de 10 m3\/h y v\u00e1lvula de 6 v\u00edas. Es el modelo FA6100 (Caudal del grupo 10000 l\/h y caudal del sistema 8500 l\/h) y cuenta con una potencia de 485 W \/ 0,66 CV. Di\u00e1metro del dep\u00f3sito 600 mm. Incluye la arena necesaria.<br \/>\n<b>Skimmer:<\/b> Skimmer americano de boca ancha, dos v\u00e1lvulas de retorno y toma de limpiafondos. Es el modelo KITSBD07.<br \/>\n<b>Mangueras:<\/b> Un rollo de 25 metros de manguera semirr\u00edgida de 50 mm de di\u00e1metro, kit de raccorder\u00eda y un bote de cola.<br \/>\n<b>Escalera:<\/b> Fabricada en acero inoxidable, especial para piscinas enterradas. Podremos elegir entre dos modelos:<br \/>\n&#8211; Escalera STANDARD de 4 pelda\u00f1os.<br \/>\n&#8211; Escalera LADDER de F\u00c1CIL ACCESO ANTIDESLIZANTE de 3 pelda\u00f1os.<br \/>\n<b>Focos:<\/b> No est\u00e1n incluidos. Este modelo ovalado viene preparado para dos focos. Los Focos aptos para esta serie son la referencia PLREB (luz blanca) o PLREC (multicolor). Son optativos, pero s\u00f3lo se podr\u00e1n colocar durante el montaje de la piscina.<br \/>\n<b>Tapiz:<\/b> Tapiz de suelo de poli\u00e9ster 110 g\/m2.<\/p>\n<p><span class=\"grande colorpagina\">Instalaci\u00f3n:<\/span><br \/>\n&#8211; Se debe colocar enterrada en el terreno.<br \/>\n&#8211; Es obligatorio instalar la piscina en una plataforma de hormig\u00f3n de 15 cm de grosor completamente nivelada.<br \/>\n&#8211; Se debe usar un tapiz de suelo (incluido).<br \/>\n&#8211; Sistema de sujeci\u00f3n: Mediante muros de bloques de hormig\u00f3n de 20 cm de ancho.<br \/>\n&#8211; El tiempo de instalaci\u00f3n estimado es de 24 horas con 2-3 personas.<\/p>\n<div class=\"imagen_cuerpo_eyaroc_div\"><img decoding=\"async\" class=\"imagen_cuerpo_eyaroc img-fluid\" src=\"https:\/\/cdn2.piscinasdesmontables.com\/datau\/cuerpos-2021-gre\/tkpeov7059-1.png\" alt=\"Piscina Gre Enterrada Madagascar 700x320x150 KPEOV7059\" data-original=\"https:\/\/cdn2.piscinasdesmontables.com\/datau\/cuerpos-2021-gre\/tkpeov7059-1.png\" \/><\/div>\n<\/div>\n<\/div>\n<\/div>\n","protected":false},"excerpt":{"rendered":"<h2>Piscina Gre Enterrada Madagascar 700x320x150 cm referencia KPEOV7059, con altura de 150 cm, FILTRO DE ARENA y ESCALERA.<\/h2>\n","protected":false},"featured_media":15616,"comment_status":"open","ping_status":"closed","template":"","meta":[],"product_brand":[],"product_cat":[20,102,224],"product_tag":[116,28,204,210],"class_list":{"0":"post-15615","1":"product","2":"type-product","3":"status-publish","4":"has-post-thumbnail","6":"product_cat-piscinas","7":"product_cat-piscinas-de-chapa","8":"product_cat-piscinas-de-enterrar","9":"product_tag-gre","10":"product_tag-piscinas","11":"product_tag-piscinas-de-chapa","12":"product_tag-piscinas-de-enterrar","14":"first","15":"instock","16":"featured","17":"shipping-taxable","18":"purchasable","19":"product-type-simple"},"_links":{"self":[{"href":"https:\/\/iberiapiscinas.com\/wp\/wp-json\/wp\/v2\/product\/15615","targetHints":{"allow":["GET"]}}],"collection":[{"href":"https:\/\/iberiapiscinas.com\/wp\/wp-json\/wp\/v2\/product"}],"about":[{"href":"https:\/\/iberiapiscinas.com\/wp\/wp-json\/wp\/v2\/types\/product"}],"replies":[{"embeddable":true,"href":"https:\/\/iberiapiscinas.com\/wp\/wp-json\/wp\/v2\/comments?post=15615"}],"wp:featuredmedia":[{"embeddable":true,"href":"https:\/\/iberiapiscinas.com\/wp\/wp-json\/wp\/v2\/media\/15616"}],"wp:attachment":[{"href":"https:\/\/iberiapiscinas.com\/wp\/wp-json\/wp\/v2\/media?parent=15615"}],"wp:term":[{"taxonomy":"product_brand","embeddable":true,"href":"https:\/\/iberiapiscinas.com\/wp\/wp-json\/wp\/v2\/product_brand?post=15615"},{"taxonomy":"product_cat","embeddable":true,"href":"https:\/\/iberiapiscinas.com\/wp\/wp-json\/wp\/v2\/product_cat?post=15615"},{"taxonomy":"product_tag","embeddable":true,"href":"https:\/\/iberiapiscinas.com\/wp\/wp-json\/wp\/v2\/product_tag?post=15615"}],"curies":[{"name":"wp","href":"https:\/\/api.w.org\/{rel}","templated":true}]}}